{"id":1136,"date":"2020-09-06T20:45:47","date_gmt":"2020-09-06T20:45:47","guid":{"rendered":"https:\/\/notariacastanolopez.com\/login\/"},"modified":"2020-09-21T10:42:02","modified_gmt":"2020-09-21T10:42:02","slug":"login","status":"publish","type":"page","link":"https:\/\/notariacastanolopez.com\/cat\/login\/","title":{"rendered":"Iniciar sesi\u00f3n"},"content":{"rendered":"<p><div class=\"fusion-fullwidth fullwidth-box fusion-builder-row-1 nonhundred-percent-fullwidth non-hundred-percent-height-scrolling\" style=\"--awb-border-radius-top-left:0px;--awb-border-radius-top-right:0px;--awb-border-radius-bottom-right:0px;--awb-border-radius-bottom-left:0px;--awb-padding-bottom:0px;--awb-flex-wrap:wrap;\" ><div class=\"fusion-builder-row fusion-row\"><div class=\"fusion-layout-column fusion_builder_column fusion-builder-column-0 fusion_builder_column_1_4 1_4 fusion-one-fourth fusion-column-first\" style=\"--awb-bg-size:cover;width:25%;width:calc(25% - ( ( 4% + 4% ) * 0.25 ) );margin-right: 4%;\"><div class=\"fusion-column-wrapper fusion-column-has-shadow fusion-flex-column-wrapper-legacy\"><div class=\"fusion-clearfix\"><\/div><\/div><\/div><div class=\"fusion-layout-column fusion_builder_column fusion-builder-column-1 fusion_builder_column_1_2 1_2 fusion-one-half\" style=\"--awb-padding-top:20px;--awb-padding-right:20px;--awb-padding-bottom:20px;--awb-padding-left:20px;--awb-bg-size:cover;width:50%;width:calc(50% - ( ( 4% + 4% ) * 0.5 ) );margin-right: 4%;\"><div class=\"fusion-column-wrapper fusion-column-has-shadow fusion-flex-column-wrapper-legacy\"><div class=\"fusion-text fusion-text-1\"><h2>Accede a tus tr\u00e1mites online<\/h2>\n<p>En tu cuenta podr\u00e1s consultar toda tu informaci\u00f3n, as\u00ed como realizar algunos tr\u00e1mites menores. Si ya eres usuario de la notar\u00eda solicita tus claves de acceso<\/p>\n<\/div><div class=\"fusion-clearfix\"><\/div><\/div><\/div><div class=\"fusion-layout-column fusion_builder_column fusion-builder-column-2 fusion_builder_column_1_4 1_4 fusion-one-fourth fusion-column-last\" style=\"--awb-bg-size:cover;width:25%;width:calc(25% - ( ( 4% + 4% ) * 0.25 ) );\"><div class=\"fusion-column-wrapper fusion-column-has-shadow fusion-flex-column-wrapper-legacy\"><div class=\"fusion-clearfix\"><\/div><\/div><\/div><\/div><\/div><div class=\"fusion-fullwidth fullwidth-box fusion-builder-row-2 nonhundred-percent-fullwidth non-hundred-percent-height-scrolling\" style=\"--awb-border-radius-top-left:0px;--awb-border-radius-top-right:0px;--awb-border-radius-bottom-right:0px;--awb-border-radius-bottom-left:0px;--awb-padding-bottom:60px;--awb-flex-wrap:wrap;\" ><div class=\"fusion-builder-row fusion-row\"><div class=\"fusion-layout-column fusion_builder_column fusion-builder-column-3 fusion_builder_column_1_4 1_4 fusion-one-fourth fusion-column-first\" style=\"--awb-bg-size:cover;width:25%;width:calc(25% - ( ( 4% + 4% ) * 0.25 ) );margin-right: 4%;\"><div class=\"fusion-column-wrapper fusion-column-has-shadow fusion-flex-column-wrapper-legacy\"><div class=\"fusion-clearfix\"><\/div><\/div><\/div><div class=\"fusion-layout-column fusion_builder_column fusion-builder-column-4 fusion_builder_column_1_2 1_2 fusion-one-half\" style=\"--awb-padding-top:20px;--awb-padding-right:20px;--awb-padding-bottom:20px;--awb-padding-left:20px;--awb-bg-color:#ffffff;--awb-bg-color-hover:#ffffff;--awb-bg-size:cover;width:50%;width:calc(50% - ( ( 4% + 4% ) * 0.5 ) );margin-right: 4%;\"><div class=\"fusion-column-wrapper fusion-column-has-shadow fusion-flex-column-wrapper-legacy\"><div class=\"fusion-text fusion-text-2\">\n<div class=\"um um-login um-1132\">\n\t<div class=\"um-form\">\n\t\t<form method=\"post\" action=\"\" autocomplete=\"off\" data-trp-original-action=\"\">\n\t\t\t<div class=\"um-row _um_row_1\" style=\"margin: 0 0 30px 0;\"><div class=\"um-col-1\"><div  id=\"um_field_1132_username\" class=\"um-field um-field-text  um-field-username um-field-text um-field-type_text\" data-key=\"username\"><div class=\"um-field-label\"><label for=\"username-1132\">Username or E-mail<span class=\"um-req\" title=\"Required\">*<\/span><\/label><div class=\"um-clear\"><\/div><\/div><div class=\"um-field-area\"><input  autocomplete=\"off\" class=\"um-form-field valid\" type=\"text\" name=\"username-1132\" id=\"username-1132\" value=\"\" placeholder=\"\" data-validate=\"unique_username_or_email\" data-key=\"username\"  aria-invalid=\"false\" \/>\n\n\t\t\t\t\t\t<\/div><\/div><div  id=\"um_field_1132_user_password\" class=\"um-field um-field-password  um-field-user_password um-field-password um-field-type_password\" data-key=\"user_password\"><div class=\"um-field-label\"><label for=\"user_password-1132\">Password<span class=\"um-req\" title=\"Required\">*<\/span><\/label><div class=\"um-clear\"><\/div><\/div><div class=\"um-field-area\"><input class=\"um-form-field valid\" type=\"password\" name=\"user_password-1132\" id=\"user_password-1132\" value=\"\" placeholder=\"\" data-validate=\"\" data-key=\"user_password\"  aria-invalid=\"false\" \/>\n\n\t\t\t\t\t\t\t<\/div><\/div><\/div><\/div>\t<input type=\"hidden\" name=\"form_id\" id=\"form_id_1132\" value=\"1132\" \/>\n\t\t<p class=\"um_request_name\">\n\t\t<label for=\"um_request_1132\">Only fill in if you are not human<\/label>\n\t\t<input type=\"hidden\" name=\"um_request\" id=\"um_request_1132\" class=\"input\" value=\"\" size=\"25\" autocomplete=\"off\" \/>\n\t<\/p>\n\t<input type=\"hidden\" id=\"_wpnonce\" name=\"_wpnonce\" value=\"e7c7e90c5e\" \/><input type=\"hidden\" name=\"_wp_http_referer\" value=\"\/cat\/wp-json\/wp\/v2\/pages\/1136\" \/>\n<div class=\"g-recaptcha\" id=\"um-1132\" data-mode=\"login\"><\/div>\n\n\n\t<div class=\"um-col-alt\">\n\n\t\t\n\n\t\t\t<div class=\"um-field um-field-c\">\n\t\t\t\t<div class=\"um-field-area\">\n\t\t\t\t\t<label class=\"um-field-checkbox\">\n\t\t\t\t\t\t<input type=\"checkbox\" name=\"rememberme\" value=\"1\"  \/>\n\t\t\t\t\t\t<span class=\"um-field-checkbox-state\"><i class=\"um-icon-android-checkbox-outline-blank\"><\/i><\/span>\n\t\t\t\t\t\t<span class=\"um-field-checkbox-option\"> Keep me signed in<\/span>\n\t\t\t\t\t<\/label>\n\t\t\t\t<\/div>\n\t\t\t<\/div>\n\n\t\t\t\t\t\t<div class=\"um-clear\"><\/div>\n\t\t\n\t\t\t<div class=\"um-center\">\n\t\t\t\t<input type=\"submit\" value=\"Iniciar sesi\u00f3n\" class=\"um-button\" id=\"um-submit-btn\" \/>\n\t\t\t<\/div>\n\n\t\t\n\t\t<div class=\"um-clear\"><\/div>\n\n\t<\/div>\n\n\t\t\t<input type=\"hidden\" name=\"trp-form-language\" value=\"cat\"\/><\/form>\n\t<\/div>\n<\/div>\n<style>\n\t\t\t.um-1132.um {\n\t\t\tmax-width: 450px;\n\t\t}\n\t\t<\/style>\n\n<\/div><div class=\"fusion-clearfix\"><\/div><\/div><\/div><div class=\"fusion-layout-column fusion_builder_column fusion-builder-column-5 fusion_builder_column_1_4 1_4 fusion-one-fourth fusion-column-last\" style=\"--awb-bg-size:cover;width:25%;width:calc(25% - ( ( 4% + 4% ) * 0.25 ) );\"><div class=\"fusion-column-wrapper fusion-column-has-shadow fusion-flex-column-wrapper-legacy\"><div class=\"fusion-clearfix\"><\/div><\/div><\/div><\/div><\/div><div class=\"fusion-fullwidth fullwidth-box fusion-builder-row-3 hundred-percent-fullwidth non-hundred-percent-height-scrolling fusion-equal-height-columns\" style=\"--awb-border-radius-top-left:0px;--awb-border-radius-top-right:0px;--awb-border-radius-bottom-right:0px;--awb-border-radius-bottom-left:0px;--awb-padding-top:0px;--awb-padding-right:0px;--awb-padding-bottom:0px;--awb-padding-left:0px;--awb-background-color:#102947;--awb-flex-wrap:wrap;\" ><\/div>\n<\/p>","protected":false},"excerpt":{"rendered":"","protected":false},"author":1,"featured_media":0,"parent":0,"menu_order":0,"comment_status":"closed","ping_status":"closed","template":"100-width.php","meta":{"_monsterinsights_skip_tracking":false,"_monsterinsights_sitenote_active":false,"_monsterinsights_sitenote_note":"","_monsterinsights_sitenote_category":0,"footnotes":""},"class_list":["post-1136","page","type-page","status-publish","hentry"],"yoast_head":"<!-- This site is optimized with the Yoast SEO plugin v27.2 - https:\/\/yoast.com\/product\/yoast-seo-wordpress\/ -->\n<title>Iniciar sesi\u00f3n - Notar\u00eda Garc\u00eda Casta\u00f1o - L&#039;Hospitalet de Llobregat<\/title>\n<meta name=\"robots\" content=\"index, follow, max-snippet:-1, max-image-preview:large, max-video-preview:-1\" \/>\n<link rel=\"canonical\" href=\"https:\/\/notariacastanolopez.com\/cat\/login\/\" \/>\n<meta property=\"og:locale\" content=\"ca_ES\" \/>\n<meta property=\"og:type\" content=\"article\" \/>\n<meta property=\"og:title\" content=\"Iniciar sesi\u00f3n - Notar\u00eda Garc\u00eda Casta\u00f1o - L&#039;Hospitalet de Llobregat\" \/>\n<meta property=\"og:url\" content=\"https:\/\/notariacastanolopez.com\/cat\/login\/\" \/>\n<meta property=\"og:site_name\" content=\"Notar\u00eda Garc\u00eda Casta\u00f1o - L&#039;Hospitalet de Llobregat\" \/>\n<meta property=\"article:modified_time\" content=\"2020-09-21T10:42:02+00:00\" \/>\n<meta name=\"twitter:card\" content=\"summary_large_image\" \/>\n<meta name=\"twitter:label1\" content=\"Temps estimat de lectura\" \/>\n\t<meta name=\"twitter:data1\" content=\"7 minuts\" \/>\n<script type=\"application\/ld+json\" class=\"yoast-schema-graph\">{\"@context\":\"https:\/\/schema.org\",\"@graph\":[{\"@type\":\"WebPage\",\"@id\":\"https:\/\/notariacastanolopez.com\/login\/\",\"url\":\"https:\/\/notariacastanolopez.com\/login\/\",\"name\":\"Iniciar sesi\u00f3n - Notar\u00eda Garc\u00eda Casta\u00f1o - L&#039;Hospitalet de Llobregat\",\"isPartOf\":{\"@id\":\"https:\/\/notariacastanolopez.com\/#website\"},\"datePublished\":\"2020-09-06T20:45:47+00:00\",\"dateModified\":\"2020-09-21T10:42:02+00:00\",\"breadcrumb\":{\"@id\":\"https:\/\/notariacastanolopez.com\/login\/#breadcrumb\"},\"inLanguage\":\"ca\",\"potentialAction\":[{\"@type\":\"ReadAction\",\"target\":[\"https:\/\/notariacastanolopez.com\/login\/\"]}]},{\"@type\":\"BreadcrumbList\",\"@id\":\"https:\/\/notariacastanolopez.com\/login\/#breadcrumb\",\"itemListElement\":[{\"@type\":\"ListItem\",\"position\":1,\"name\":\"Portada\",\"item\":\"https:\/\/notariacastanolopez.com\/\"},{\"@type\":\"ListItem\",\"position\":2,\"name\":\"Iniciar sesi\u00f3n\"}]},{\"@type\":\"WebSite\",\"@id\":\"https:\/\/notariacastanolopez.com\/#website\",\"url\":\"https:\/\/notariacastanolopez.com\/\",\"name\":\"Notar\u00eda Garc\u00eda Casta\u00f1o - L&#039;Hospitalet de Llobregat\",\"description\":\"Notarios de L&#039;Hospitalet de Llobregat\",\"publisher\":{\"@id\":\"https:\/\/notariacastanolopez.com\/#organization\"},\"potentialAction\":[{\"@type\":\"SearchAction\",\"target\":{\"@type\":\"EntryPoint\",\"urlTemplate\":\"https:\/\/notariacastanolopez.com\/?s={search_term_string}\"},\"query-input\":{\"@type\":\"PropertyValueSpecification\",\"valueRequired\":true,\"valueName\":\"search_term_string\"}}],\"inLanguage\":\"ca\"},{\"@type\":\"Organization\",\"@id\":\"https:\/\/notariacastanolopez.com\/#organization\",\"name\":\"Notaria Casta\u00f1o L\u00f3pez | l'Hospitalet de l'Infant (Vandell\u00f2s)\",\"url\":\"https:\/\/notariacastanolopez.com\/\",\"logo\":{\"@type\":\"ImageObject\",\"inLanguage\":\"ca\",\"@id\":\"https:\/\/notariacastanolopez.com\/#\/schema\/logo\/image\/\",\"url\":\"https:\/\/notariacastanolopez.com\/wp-content\/uploads\/2020\/09\/jose-castan\u0303o-lopez-01-2.png\",\"contentUrl\":\"https:\/\/notariacastanolopez.com\/wp-content\/uploads\/2020\/09\/jose-castan\u0303o-lopez-01-2.png\",\"width\":450,\"height\":100,\"caption\":\"Notaria Casta\u00f1o L\u00f3pez | l'Hospitalet de l'Infant (Vandell\u00f2s)\"},\"image\":{\"@id\":\"https:\/\/notariacastanolopez.com\/#\/schema\/logo\/image\/\"}}]}<\/script>\n<!-- \/ Yoast SEO plugin. -->","yoast_head_json":{"title":"Iniciar sesi\u00f3n - Notar\u00eda Garc\u00eda Casta\u00f1o - L&#039;Hospitalet de Llobregat","robots":{"index":"index","follow":"follow","max-snippet":"max-snippet:-1","max-image-preview":"max-image-preview:large","max-video-preview":"max-video-preview:-1"},"canonical":"https:\/\/notariacastanolopez.com\/cat\/login\/","og_locale":"ca_ES","og_type":"article","og_title":"Iniciar sesi\u00f3n - Notar\u00eda Garc\u00eda Casta\u00f1o - L&#039;Hospitalet de Llobregat","og_url":"https:\/\/notariacastanolopez.com\/cat\/login\/","og_site_name":"Notar\u00eda Garc\u00eda Casta\u00f1o - L&#039;Hospitalet de Llobregat","article_modified_time":"2020-09-21T10:42:02+00:00","twitter_card":"summary_large_image","twitter_misc":{"Temps estimat de lectura":"7 minuts"},"schema":{"@context":"https:\/\/schema.org","@graph":[{"@type":"WebPage","@id":"https:\/\/notariacastanolopez.com\/login\/","url":"https:\/\/notariacastanolopez.com\/login\/","name":"Iniciar sesi\u00f3n - Notar\u00eda Garc\u00eda Casta\u00f1o - L&#039;Hospitalet de Llobregat","isPartOf":{"@id":"https:\/\/notariacastanolopez.com\/#website"},"datePublished":"2020-09-06T20:45:47+00:00","dateModified":"2020-09-21T10:42:02+00:00","breadcrumb":{"@id":"https:\/\/notariacastanolopez.com\/login\/#breadcrumb"},"inLanguage":"ca","potentialAction":[{"@type":"ReadAction","target":["https:\/\/notariacastanolopez.com\/login\/"]}]},{"@type":"BreadcrumbList","@id":"https:\/\/notariacastanolopez.com\/login\/#breadcrumb","itemListElement":[{"@type":"ListItem","position":1,"name":"Portada","item":"https:\/\/notariacastanolopez.com\/"},{"@type":"ListItem","position":2,"name":"Iniciar sesi\u00f3n"}]},{"@type":"WebSite","@id":"https:\/\/notariacastanolopez.com\/#website","url":"https:\/\/notariacastanolopez.com\/","name":"Notar\u00eda Garc\u00eda Casta\u00f1o - L&#039;Hospitalet de Llobregat","description":"Notarios de L&#039;Hospitalet de Llobregat","publisher":{"@id":"https:\/\/notariacastanolopez.com\/#organization"},"potentialAction":[{"@type":"SearchAction","target":{"@type":"EntryPoint","urlTemplate":"https:\/\/notariacastanolopez.com\/?s={search_term_string}"},"query-input":{"@type":"PropertyValueSpecification","valueRequired":true,"valueName":"search_term_string"}}],"inLanguage":"ca"},{"@type":"Organization","@id":"https:\/\/notariacastanolopez.com\/#organization","name":"Notaria Casta\u00f1o L\u00f3pez | l'Hospitalet de l'Infant (Vandell\u00f2s)","url":"https:\/\/notariacastanolopez.com\/","logo":{"@type":"ImageObject","inLanguage":"ca","@id":"https:\/\/notariacastanolopez.com\/#\/schema\/logo\/image\/","url":"https:\/\/notariacastanolopez.com\/wp-content\/uploads\/2020\/09\/jose-castan\u0303o-lopez-01-2.png","contentUrl":"https:\/\/notariacastanolopez.com\/wp-content\/uploads\/2020\/09\/jose-castan\u0303o-lopez-01-2.png","width":450,"height":100,"caption":"Notaria Casta\u00f1o L\u00f3pez | l'Hospitalet de l'Infant (Vandell\u00f2s)"},"image":{"@id":"https:\/\/notariacastanolopez.com\/#\/schema\/logo\/image\/"}}]}},"_links":{"self":[{"href":"https:\/\/notariacastanolopez.com\/cat\/wp-json\/wp\/v2\/pages\/1136","targetHints":{"allow":["GET"]}}],"collection":[{"href":"https:\/\/notariacastanolopez.com\/cat\/wp-json\/wp\/v2\/pages"}],"about":[{"href":"https:\/\/notariacastanolopez.com\/cat\/wp-json\/wp\/v2\/types\/page"}],"author":[{"embeddable":true,"href":"https:\/\/notariacastanolopez.com\/cat\/wp-json\/wp\/v2\/users\/1"}],"replies":[{"embeddable":true,"href":"https:\/\/notariacastanolopez.com\/cat\/wp-json\/wp\/v2\/comments?post=1136"}],"version-history":[{"count":3,"href":"https:\/\/notariacastanolopez.com\/cat\/wp-json\/wp\/v2\/pages\/1136\/revisions"}],"predecessor-version":[{"id":1347,"href":"https:\/\/notariacastanolopez.com\/cat\/wp-json\/wp\/v2\/pages\/1136\/revisions\/1347"}],"wp:attachment":[{"href":"https:\/\/notariacastanolopez.com\/cat\/wp-json\/wp\/v2\/media?parent=1136"}],"curies":[{"name":"wp","href":"https:\/\/api.w.org\/{rel}","templated":true}]}}