{"id":1159,"date":"2020-09-09T17:31:15","date_gmt":"2020-09-09T17:31:15","guid":{"rendered":"https:\/\/notariacastanolopez.com\/?page_id=1159"},"modified":"2024-01-15T21:07:19","modified_gmt":"2024-01-15T20:07:19","slug":"cita-previa","status":"publish","type":"page","link":"https:\/\/notariacastanolopez.com\/cat\/cita-previa\/","title":{"rendered":"Cita Previa"},"content":{"rendered":"<p><div class=\"fusion-fullwidth fullwidth-box fusion-builder-row-1 nonhundred-percent-fullwidth non-hundred-percent-height-scrolling\" style=\"--awb-border-radius-top-left:0px;--awb-border-radius-top-right:0px;--awb-border-radius-bottom-right:0px;--awb-border-radius-bottom-left:0px;--awb-flex-wrap:wrap;\" ><div class=\"fusion-builder-row fusion-row\"><div class=\"fusion-layout-column fusion_builder_column fusion-builder-column-0 fusion_builder_column_1_2 1_2 fusion-one-half fusion-column-first\" style=\"--awb-bg-size:cover;width:50%;width:calc(50% - ( ( 4% ) * 0.5 ) );margin-right: 4%;\"><div class=\"fusion-column-wrapper fusion-column-has-shadow fusion-flex-column-wrapper-legacy\"><div class=\"fusion-text fusion-text-1\"><h2>Reserve su cita en Notar\u00eda L&#8217;Hospitalet de Llobregat<\/h2>\n<p>Complete el formulario inferior para reservar una cita en nuestra notar\u00eda. Ind\u00edquenos qu\u00e9 tipo de tr\u00e1mite desea realizar para que podamos hacer una estimaci\u00f3n de tiempo. Si tiene cualquier problema puede llamarnos al <a href=\"tel:+34936559710\">+34 936 559 710<\/a> y <a href=\"tel:+34933376212\">+34\u00a0933 37 62 12<\/a><\/p>\n<\/div><div class=\"fusion-clearfix\"><\/div><\/div><\/div><div class=\"fusion-layout-column fusion_builder_column fusion-builder-column-1 fusion_builder_column_1_2 1_2 fusion-one-half fusion-column-last\" style=\"--awb-bg-size:cover;width:50%;width:calc(50% - ( ( 4% ) * 0.5 ) );\"><div class=\"fusion-column-wrapper fusion-column-has-shadow fusion-flex-column-wrapper-legacy\"><div class=\"fusion-text fusion-text-2\"><h2 style=\"color: #f1f1f1;\">Reserve su cita en Notar\u00eda L&#8217;Hospitalet de Llobregat&lt;<\/h2>\n<p style=\"text-align: justify;\"><strong>LA RESERVA DE LA CITA EST\u00c1 CONDICIONADA A LA CONFIRMACI\u00d3N POR PARTE DE NUESTRA NOTAR\u00cdA. LE CONTACTAREMOS PARA INFORMARLE DE LA DOCUMENTACI\u00d3N NECESARIA Y LA CONFIRMACI\u00d3N DE LA HORA.<\/strong><\/p>\n<\/div><div class=\"fusion-clearfix\"><\/div><\/div><\/div><\/div><\/div><div class=\"fusion-fullwidth fullwidth-box fusion-builder-row-2 nonhundred-percent-fullwidth non-hundred-percent-height-scrolling citaprevia\" style=\"--awb-border-radius-top-left:0px;--awb-border-radius-top-right:0px;--awb-border-radius-bottom-right:0px;--awb-border-radius-bottom-left:0px;--awb-padding-top:40px;--awb-padding-right:40px;--awb-padding-bottom:40px;--awb-padding-left:40px;--awb-background-color:#ffffff;--awb-flex-wrap:wrap;\" ><div class=\"fusion-builder-row fusion-row\"><div class=\"fusion-layout-column fusion_builder_column fusion-builder-column-2 fusion_builder_column_1_1 1_1 fusion-one-full fusion-column-first fusion-column-last\" style=\"--awb-bg-size:cover;--awb-margin-bottom:0px;\"><div class=\"fusion-column-wrapper fusion-flex-column-wrapper-legacy\"><div class=\"fusion-text fusion-text-3\"><iframe src=\"https:\/\/notariacastanolopez.com\/cat\/wp-json\/ssa\/v1\/embed-inner?integration&type=notaria-garcia-castano&label&types=1&edit&view&payment_provider&ssa_locale=ca&ssa_is_rtl&sid=639f311bb8f24a8771030a1d1cfecdd6b5eefbe1&availability_start_date&availability_end_date&suggest_first_available&suggest_first_available_within_minutes&flow&fallback_flow&time_view&date_view&appointment_types_view&version&accent_color&background&padding&font&booking_url=https%3A%2F%2Fnotariacastanolopez.com%2Fcat%2Fcita-previa%2F&booking_post_id=1159&booking_title=Cita+Previa&_wpnonce=61df34d1d2&redirect_post_id&mepr_membership_id#\/\" height=\"400px\" width=\"100%\" name=\"ssa_booking\" loading=\"eager\" frameborder=\"0\" data-skip-lazy=\"1\" class=\"ssa_booking_iframe skip-lazy\" title=\"Book a time\"><\/iframe>\n<\/div><div class=\"fusion-clearfix\"><\/div><\/div><\/div><\/div><\/div><\/p>","protected":false},"excerpt":{"rendered":"","protected":false},"author":1,"featured_media":0,"parent":0,"menu_order":0,"comment_status":"closed","ping_status":"closed","template":"","meta":{"_monsterinsights_skip_tracking":false,"_monsterinsights_sitenote_active":false,"_monsterinsights_sitenote_note":"","_monsterinsights_sitenote_category":0,"footnotes":""},"class_list":["post-1159","page","type-page","status-publish","hentry"],"yoast_head":"<!-- This site is optimized with the Yoast SEO plugin v27.2 - https:\/\/yoast.com\/product\/yoast-seo-wordpress\/ -->\n<title>Cita Previa - Notar\u00eda Garc\u00eda Casta\u00f1o - L&#039;Hospitalet de Llobregat<\/title>\n<meta name=\"robots\" content=\"index, follow, max-snippet:-1, max-image-preview:large, max-video-preview:-1\" \/>\n<link rel=\"canonical\" href=\"https:\/\/notariacastanolopez.com\/cat\/cita-previa\/\" \/>\n<meta property=\"og:locale\" content=\"ca_ES\" \/>\n<meta property=\"og:type\" content=\"article\" \/>\n<meta property=\"og:title\" content=\"Cita Previa - Notar\u00eda Garc\u00eda Casta\u00f1o - L&#039;Hospitalet de Llobregat\" \/>\n<meta property=\"og:url\" content=\"https:\/\/notariacastanolopez.com\/cat\/cita-previa\/\" \/>\n<meta property=\"og:site_name\" content=\"Notar\u00eda Garc\u00eda Casta\u00f1o - L&#039;Hospitalet de Llobregat\" \/>\n<meta property=\"article:modified_time\" content=\"2024-01-15T20:07:19+00:00\" \/>\n<meta name=\"twitter:card\" content=\"summary_large_image\" \/>\n<meta name=\"twitter:label1\" content=\"Temps estimat de lectura\" \/>\n\t<meta name=\"twitter:data1\" content=\"1 minut\" \/>\n<script type=\"application\/ld+json\" class=\"yoast-schema-graph\">{\"@context\":\"https:\/\/schema.org\",\"@graph\":[{\"@type\":\"WebPage\",\"@id\":\"https:\/\/notariacastanolopez.com\/cita-previa\/\",\"url\":\"https:\/\/notariacastanolopez.com\/cita-previa\/\",\"name\":\"Cita Previa - Notar\u00eda Garc\u00eda Casta\u00f1o - L&#039;Hospitalet de Llobregat\",\"isPartOf\":{\"@id\":\"https:\/\/notariacastanolopez.com\/#website\"},\"datePublished\":\"2020-09-09T17:31:15+00:00\",\"dateModified\":\"2024-01-15T20:07:19+00:00\",\"breadcrumb\":{\"@id\":\"https:\/\/notariacastanolopez.com\/cita-previa\/#breadcrumb\"},\"inLanguage\":\"ca\",\"potentialAction\":[{\"@type\":\"ReadAction\",\"target\":[\"https:\/\/notariacastanolopez.com\/cita-previa\/\"]}]},{\"@type\":\"BreadcrumbList\",\"@id\":\"https:\/\/notariacastanolopez.com\/cita-previa\/#breadcrumb\",\"itemListElement\":[{\"@type\":\"ListItem\",\"position\":1,\"name\":\"Portada\",\"item\":\"https:\/\/notariacastanolopez.com\/\"},{\"@type\":\"ListItem\",\"position\":2,\"name\":\"Cita Previa\"}]},{\"@type\":\"WebSite\",\"@id\":\"https:\/\/notariacastanolopez.com\/#website\",\"url\":\"https:\/\/notariacastanolopez.com\/\",\"name\":\"Notar\u00eda Garc\u00eda Casta\u00f1o - L&#039;Hospitalet de Llobregat\",\"description\":\"Notarios de L&#039;Hospitalet de Llobregat\",\"publisher\":{\"@id\":\"https:\/\/notariacastanolopez.com\/#organization\"},\"potentialAction\":[{\"@type\":\"SearchAction\",\"target\":{\"@type\":\"EntryPoint\",\"urlTemplate\":\"https:\/\/notariacastanolopez.com\/?s={search_term_string}\"},\"query-input\":{\"@type\":\"PropertyValueSpecification\",\"valueRequired\":true,\"valueName\":\"search_term_string\"}}],\"inLanguage\":\"ca\"},{\"@type\":\"Organization\",\"@id\":\"https:\/\/notariacastanolopez.com\/#organization\",\"name\":\"Notaria Casta\u00f1o L\u00f3pez | l'Hospitalet de l'Infant (Vandell\u00f2s)\",\"url\":\"https:\/\/notariacastanolopez.com\/\",\"logo\":{\"@type\":\"ImageObject\",\"inLanguage\":\"ca\",\"@id\":\"https:\/\/notariacastanolopez.com\/#\/schema\/logo\/image\/\",\"url\":\"https:\/\/notariacastanolopez.com\/wp-content\/uploads\/2020\/09\/jose-castan\u0303o-lopez-01-2.png\",\"contentUrl\":\"https:\/\/notariacastanolopez.com\/wp-content\/uploads\/2020\/09\/jose-castan\u0303o-lopez-01-2.png\",\"width\":450,\"height\":100,\"caption\":\"Notaria Casta\u00f1o L\u00f3pez | l'Hospitalet de l'Infant (Vandell\u00f2s)\"},\"image\":{\"@id\":\"https:\/\/notariacastanolopez.com\/#\/schema\/logo\/image\/\"}}]}<\/script>\n<!-- \/ Yoast SEO plugin. -->","yoast_head_json":{"title":"Cita Previa - Notar\u00eda Garc\u00eda Casta\u00f1o - L&#039;Hospitalet de Llobregat","robots":{"index":"index","follow":"follow","max-snippet":"max-snippet:-1","max-image-preview":"max-image-preview:large","max-video-preview":"max-video-preview:-1"},"canonical":"https:\/\/notariacastanolopez.com\/cat\/cita-previa\/","og_locale":"ca_ES","og_type":"article","og_title":"Cita Previa - Notar\u00eda Garc\u00eda Casta\u00f1o - L&#039;Hospitalet de Llobregat","og_url":"https:\/\/notariacastanolopez.com\/cat\/cita-previa\/","og_site_name":"Notar\u00eda Garc\u00eda Casta\u00f1o - L&#039;Hospitalet de Llobregat","article_modified_time":"2024-01-15T20:07:19+00:00","twitter_card":"summary_large_image","twitter_misc":{"Temps estimat de lectura":"1 minut"},"schema":{"@context":"https:\/\/schema.org","@graph":[{"@type":"WebPage","@id":"https:\/\/notariacastanolopez.com\/cita-previa\/","url":"https:\/\/notariacastanolopez.com\/cita-previa\/","name":"Cita Previa - Notar\u00eda Garc\u00eda Casta\u00f1o - L&#039;Hospitalet de Llobregat","isPartOf":{"@id":"https:\/\/notariacastanolopez.com\/#website"},"datePublished":"2020-09-09T17:31:15+00:00","dateModified":"2024-01-15T20:07:19+00:00","breadcrumb":{"@id":"https:\/\/notariacastanolopez.com\/cita-previa\/#breadcrumb"},"inLanguage":"ca","potentialAction":[{"@type":"ReadAction","target":["https:\/\/notariacastanolopez.com\/cita-previa\/"]}]},{"@type":"BreadcrumbList","@id":"https:\/\/notariacastanolopez.com\/cita-previa\/#breadcrumb","itemListElement":[{"@type":"ListItem","position":1,"name":"Portada","item":"https:\/\/notariacastanolopez.com\/"},{"@type":"ListItem","position":2,"name":"Cita Previa"}]},{"@type":"WebSite","@id":"https:\/\/notariacastanolopez.com\/#website","url":"https:\/\/notariacastanolopez.com\/","name":"Notar\u00eda Garc\u00eda Casta\u00f1o - L&#039;Hospitalet de Llobregat","description":"Notarios de L&#039;Hospitalet de Llobregat","publisher":{"@id":"https:\/\/notariacastanolopez.com\/#organization"},"potentialAction":[{"@type":"SearchAction","target":{"@type":"EntryPoint","urlTemplate":"https:\/\/notariacastanolopez.com\/?s={search_term_string}"},"query-input":{"@type":"PropertyValueSpecification","valueRequired":true,"valueName":"search_term_string"}}],"inLanguage":"ca"},{"@type":"Organization","@id":"https:\/\/notariacastanolopez.com\/#organization","name":"Notaria Casta\u00f1o L\u00f3pez | l'Hospitalet de l'Infant (Vandell\u00f2s)","url":"https:\/\/notariacastanolopez.com\/","logo":{"@type":"ImageObject","inLanguage":"ca","@id":"https:\/\/notariacastanolopez.com\/#\/schema\/logo\/image\/","url":"https:\/\/notariacastanolopez.com\/wp-content\/uploads\/2020\/09\/jose-castan\u0303o-lopez-01-2.png","contentUrl":"https:\/\/notariacastanolopez.com\/wp-content\/uploads\/2020\/09\/jose-castan\u0303o-lopez-01-2.png","width":450,"height":100,"caption":"Notaria Casta\u00f1o L\u00f3pez | l'Hospitalet de l'Infant (Vandell\u00f2s)"},"image":{"@id":"https:\/\/notariacastanolopez.com\/#\/schema\/logo\/image\/"}}]}},"_links":{"self":[{"href":"https:\/\/notariacastanolopez.com\/cat\/wp-json\/wp\/v2\/pages\/1159","targetHints":{"allow":["GET"]}}],"collection":[{"href":"https:\/\/notariacastanolopez.com\/cat\/wp-json\/wp\/v2\/pages"}],"about":[{"href":"https:\/\/notariacastanolopez.com\/cat\/wp-json\/wp\/v2\/types\/page"}],"author":[{"embeddable":true,"href":"https:\/\/notariacastanolopez.com\/cat\/wp-json\/wp\/v2\/users\/1"}],"replies":[{"embeddable":true,"href":"https:\/\/notariacastanolopez.com\/cat\/wp-json\/wp\/v2\/comments?post=1159"}],"version-history":[{"count":16,"href":"https:\/\/notariacastanolopez.com\/cat\/wp-json\/wp\/v2\/pages\/1159\/revisions"}],"predecessor-version":[{"id":2618,"href":"https:\/\/notariacastanolopez.com\/cat\/wp-json\/wp\/v2\/pages\/1159\/revisions\/2618"}],"wp:attachment":[{"href":"https:\/\/notariacastanolopez.com\/cat\/wp-json\/wp\/v2\/media?parent=1159"}],"curies":[{"name":"wp","href":"https:\/\/api.w.org\/{rel}","templated":true}]}}