{"id":1988,"date":"2020-11-02T10:29:03","date_gmt":"2020-11-02T10:29:03","guid":{"rendered":"https:\/\/notariacastanolopez.com\/?page_id=1988"},"modified":"2020-11-02T10:29:48","modified_gmt":"2020-11-02T10:29:48","slug":"quienes-somos","status":"publish","type":"page","link":"https:\/\/notariacastanolopez.com\/cat\/quienes-somos\/","title":{"rendered":"Who We Are"},"content":{"rendered":"<p><div class=\"fusion-fullwidth fullwidth-box fusion-builder-row-1 nonhundred-percent-fullwidth non-hundred-percent-height-scrolling\" style=\"--awb-border-radius-top-left:0px;--awb-border-radius-top-right:0px;--awb-border-radius-bottom-right:0px;--awb-border-radius-bottom-left:0px;--awb-padding-top:60px;--awb-padding-bottom:40px;--awb-background-color:#ffffff;--awb-flex-wrap:wrap;\" ><div class=\"fusion-builder-row fusion-row\"><div class=\"fusion-layout-column fusion_builder_column fusion-builder-column-0 fusion_builder_column_1_3 1_3 fusion-one-third fusion-column-first\" style=\"--awb-bg-size:cover;width:33.333333333333%;width:calc(33.333333333333% - ( ( 4% ) * 0.33333333333333 ) );margin-right: 4%;\"><div class=\"fusion-column-wrapper fusion-column-has-shadow fusion-flex-column-wrapper-legacy\"><div class=\"fusion-column-content-centered\"><div class=\"fusion-column-content\"><div class=\"fusion-image-element in-legacy-container\" style=\"--awb-max-width:100%;--awb-caption-title-font-family:var(--h2_typography-font-family);--awb-caption-title-font-weight:var(--h2_typography-font-weight);--awb-caption-title-font-style:var(--h2_typography-font-style);--awb-caption-title-size:var(--h2_typography-font-size);--awb-caption-title-transform:var(--h2_typography-text-transform);--awb-caption-title-line-height:var(--h2_typography-line-height);--awb-caption-title-letter-spacing:var(--h2_typography-letter-spacing);\"><span class=\"fusion-imageframe imageframe-none imageframe-1 hover-type-none\"><img decoding=\"async\" width=\"772\" height=\"1157\" title=\"quienes1\" data-src=\"https:\/\/notariacastanolopez.com\/wp-content\/uploads\/2020\/09\/quienes1.jpg\" alt class=\"img-responsive wp-image-1365 lazyload\" data-srcset=\"https:\/\/notariacastanolopez.com\/wp-content\/uploads\/2020\/09\/quienes1-200x300.jpg 200w, https:\/\/notariacastanolopez.com\/wp-content\/uploads\/2020\/09\/quienes1-400x599.jpg 400w, https:\/\/notariacastanolopez.com\/wp-content\/uploads\/2020\/09\/quienes1-600x899.jpg 600w, https:\/\/notariacastanolopez.com\/wp-content\/uploads\/2020\/09\/quienes1.jpg 772w\" data-sizes=\"(max-width: 850px) 100vw, 400px\" src=\"data:image\/svg+xml;base64,PHN2ZyB3aWR0aD0iMSIgaGVpZ2h0PSIxIiB4bWxucz0iaHR0cDovL3d3dy53My5vcmcvMjAwMC9zdmciPjwvc3ZnPg==\" style=\"--smush-placeholder-width: 772px; --smush-placeholder-aspect-ratio: 772\/1157;\" \/><\/span><\/div><\/div><\/div><div class=\"fusion-clearfix\"><\/div><\/div><\/div><div class=\"fusion-layout-column fusion_builder_column fusion-builder-column-1 fusion_builder_column_2_3 2_3 fusion-two-third fusion-column-last\" style=\"--awb-padding-right:20%;--awb-bg-size:cover;width:66.666666666667%;width:calc(66.666666666667% - ( ( 4% ) * 0.66666666666667 ) );\"><div class=\"fusion-column-wrapper fusion-column-has-shadow fusion-flex-column-wrapper-legacy\"><div class=\"fusion-text fusion-text-1\"><h2>Jos\u00e9 Casta\u00f1o L\u00f3pez.<\/h2>\n<p>I was born in Almer\u00eda on January 5, 1993. I was always called by the profession of notary and the passion for this trade comes from my family too since my father is currently a notary in Malaga. After finishing school, I studied my university degree in Law in Madrid, at the Universidad Pontificia de Comillas, ICADE, and when I finished it, I started the notary public competition. I remember my time as an opponent with great affection since, although they were years of sacrifices and hardships, I always did it out of pure vocation and with the intention of one day being able to carry out this profession. After almost 4 years of many hours of study, I managed to pass the competitive examination at the age of 26 with the invaluable help of my family and my trainers to whom I owe so much.<\/p>\n<p>Now I am going to carry out my work in the first notary&#8217;s office of my career, in Hospitalet de l&#8217;Infant, a stage that I start with great enthusiasm and with the hope of being able to provide the best possible service with a competitive team and applying the latest legislative developments, so that people who request my services will see their legal problems solved as quickly and efficiently as possible in all respects.<\/p>\n<\/div><div class=\"fusion-clearfix\"><\/div><\/div><\/div><\/div><\/div><div class=\"fusion-fullwidth fullwidth-box fusion-builder-row-2 fusion-flex-container nonhundred-percent-fullwidth non-hundred-percent-height-scrolling\" style=\"--awb-background-position:left top;--awb-border-sizes-top:1px;--awb-border-sizes-bottom:1px;--awb-border-sizes-left:0px;--awb-border-sizes-right:0px;--awb-border-color:#e2e2e2;--awb-border-radius-top-left:0px;--awb-border-radius-top-right:0px;--awb-border-radius-bottom-right:0px;--awb-border-radius-bottom-left:0px;--awb-padding-top:40px;--awb-padding-bottom:60px;--awb-padding-top-medium:80px;--awb-padding-bottom-medium:80px;--awb-background-color:#fafafa;--awb-flex-wrap:wrap;\" ><div class=\"fusion-builder-row fusion-row fusion-flex-align-items-flex-start fusion-flex-content-wrap\" style=\"max-width:1216.8px;margin-left: calc(-4% \/ 2 );margin-right: calc(-4% \/ 2 );\"><div class=\"fusion-layout-column fusion_builder_column fusion-builder-column-2 fusion_builder_column_1_1 1_1 fusion-flex-column fusion-flex-align-self-flex-start fusion-column-no-min-height\" style=\"--awb-bg-size:cover;--awb-width-large:100%;--awb-margin-top-large:0px;--awb-spacing-right-large:1.92%;--awb-margin-bottom-large:0px;--awb-spacing-left-large:1.92%;--awb-width-medium:100%;--awb-spacing-right-medium:1.92%;--awb-spacing-left-medium:1.92%;--awb-width-small:100%;--awb-spacing-right-small:1.92%;--awb-spacing-left-small:1.92%;\"><div class=\"fusion-column-wrapper fusion-flex-justify-content-flex-start fusion-content-layout-column\"><div class=\"fusion-title title fusion-title-1 fusion-title-center fusion-title-text fusion-title-size-two\" style=\"--awb-margin-bottom:20px;--awb-margin-top-small:0px;--awb-margin-right-small:0px;--awb-margin-bottom-small:20px;--awb-margin-left-small:0px;\"><div class=\"title-sep-container title-sep-container-left\"><div class=\"title-sep sep- sep-solid\" style=\"border-color:#e0dede;\"><\/div><\/div><span class=\"awb-title-spacer\"><\/span><h2 class=\"fusion-title-heading title-heading-center\" style=\"margin:0;\">Our team<\/h2><span class=\"awb-title-spacer\"><\/span><div class=\"title-sep-container title-sep-container-right\"><div class=\"title-sep sep- sep-solid\" style=\"border-color:#e0dede;\"><\/div><\/div><\/div><\/div><\/div><\/div><\/div><div class=\"fusion-fullwidth fullwidth-box fusion-builder-row-3 nonhundred-percent-fullwidth non-hundred-percent-height-scrolling\" style=\"--awb-border-radius-top-left:0px;--awb-border-radius-top-right:0px;--awb-border-radius-bottom-right:0px;--awb-border-radius-bottom-left:0px;--awb-padding-top:38px;--awb-padding-bottom:70px;--awb-background-color:#fafafa;--awb-flex-wrap:wrap;\" ><div class=\"fusion-builder-row fusion-row\"><div class=\"fusion-layout-column fusion_builder_column fusion-builder-column-3 fusion_builder_column_1_2 1_2 fusion-one-half fusion-column-first\" style=\"--awb-padding-top:20px;--awb-padding-right:20px;--awb-padding-bottom:20px;--awb-padding-left:20px;--awb-bg-color:#edecec;--awb-bg-color-hover:#edecec;--awb-bg-size:cover;width:50%;width:calc(50% - ( ( 4% ) * 0.5 ) );margin-right: 4%;\"><div class=\"fusion-column-wrapper fusion-column-has-shadow fusion-flex-column-wrapper-legacy\"><div class=\"fusion-builder-row fusion-builder-row-inner fusion-row\"><div class=\"fusion-layout-column fusion_builder_column_inner fusion-builder-nested-column-0 fusion_builder_column_inner_1_3 1_3 fusion-one-third fusion-column-first\" style=\"--awb-bg-size:cover;width:33.333333333333%;width:calc(33.333333333333% - ( ( 4% ) * 0.33333333333333 ) );margin-right: 4%;\"><div class=\"fusion-column-wrapper fusion-column-has-shadow fusion-flex-column-wrapper-legacy\"><div class=\"fusion-image-element in-legacy-container\" style=\"--awb-caption-title-font-family:var(--h2_typography-font-family);--awb-caption-title-font-weight:var(--h2_typography-font-weight);--awb-caption-title-font-style:var(--h2_typography-font-style);--awb-caption-title-size:var(--h2_typography-font-size);--awb-caption-title-transform:var(--h2_typography-text-transform);--awb-caption-title-line-height:var(--h2_typography-line-height);--awb-caption-title-letter-spacing:var(--h2_typography-letter-spacing);\"><span class=\"fusion-imageframe imageframe-none imageframe-2 hover-type-none\"><img decoding=\"async\" width=\"772\" height=\"1157\" title=\"quienes2\" data-src=\"https:\/\/notariacastanolopez.com\/wp-content\/uploads\/2020\/09\/quienes2.jpg\" alt class=\"img-responsive wp-image-1366 lazyload\" data-srcset=\"https:\/\/notariacastanolopez.com\/wp-content\/uploads\/2020\/09\/quienes2-200x300.jpg 200w, https:\/\/notariacastanolopez.com\/wp-content\/uploads\/2020\/09\/quienes2-400x599.jpg 400w, https:\/\/notariacastanolopez.com\/wp-content\/uploads\/2020\/09\/quienes2-600x899.jpg 600w, https:\/\/notariacastanolopez.com\/wp-content\/uploads\/2020\/09\/quienes2.jpg 772w\" data-sizes=\"(max-width: 850px) 100vw, 400px\" src=\"data:image\/svg+xml;base64,PHN2ZyB3aWR0aD0iMSIgaGVpZ2h0PSIxIiB4bWxucz0iaHR0cDovL3d3dy53My5vcmcvMjAwMC9zdmciPjwvc3ZnPg==\" style=\"--smush-placeholder-width: 772px; --smush-placeholder-aspect-ratio: 772\/1157;\" \/><\/span><\/div><div class=\"fusion-clearfix\"><\/div><\/div><\/div><div class=\"fusion-layout-column fusion_builder_column_inner fusion-builder-nested-column-1 fusion_builder_column_inner_2_3 2_3 fusion-two-third fusion-column-last\" style=\"--awb-bg-size:cover;width:66.666666666667%;width:calc(66.666666666667% - ( ( 4% ) * 0.66666666666667 ) );\"><div class=\"fusion-column-wrapper fusion-column-has-shadow fusion-flex-column-wrapper-legacy\"><div class=\"fusion-text fusion-text-2\"><p><strong>Tamara Usach Mu\u00f1oz.<\/strong> Oficial<\/p>\n<p>Law graduate<\/p>\n<div class=\"sc_team_item_content\">\n<p>Email: vandellos@notariacastanolopez.com<\/p>\n<\/div>\n<\/div><div class=\"fusion-clearfix\"><\/div><\/div><\/div><\/div><div class=\"fusion-clearfix\"><\/div><\/div><\/div><div class=\"fusion-layout-column fusion_builder_column fusion-builder-column-4 fusion_builder_column_1_2 1_2 fusion-one-half fusion-column-last\" style=\"--awb-padding-top:20px;--awb-padding-right:20px;--awb-padding-bottom:20px;--awb-padding-left:20px;--awb-bg-color:#edecec;--awb-bg-color-hover:#edecec;--awb-bg-size:cover;width:50%;width:calc(50% - ( ( 4% ) * 0.5 ) );\"><div class=\"fusion-column-wrapper fusion-column-has-shadow fusion-flex-column-wrapper-legacy\"><div class=\"fusion-builder-row fusion-builder-row-inner fusion-row\"><div class=\"fusion-layout-column fusion_builder_column_inner fusion-builder-nested-column-2 fusion_builder_column_inner_1_3 1_3 fusion-one-third fusion-column-first\" style=\"--awb-bg-size:cover;width:33.333333333333%;width:calc(33.333333333333% - ( ( 4% ) * 0.33333333333333 ) );margin-right: 4%;\"><div class=\"fusion-column-wrapper fusion-column-has-shadow fusion-flex-column-wrapper-legacy\"><div class=\"fusion-image-element in-legacy-container\" style=\"--awb-caption-title-font-family:var(--h2_typography-font-family);--awb-caption-title-font-weight:var(--h2_typography-font-weight);--awb-caption-title-font-style:var(--h2_typography-font-style);--awb-caption-title-size:var(--h2_typography-font-size);--awb-caption-title-transform:var(--h2_typography-text-transform);--awb-caption-title-line-height:var(--h2_typography-line-height);--awb-caption-title-letter-spacing:var(--h2_typography-letter-spacing);\"><span class=\"fusion-imageframe imageframe-none imageframe-3 hover-type-none\"><img decoding=\"async\" width=\"772\" height=\"1157\" title=\"quienes3\" data-src=\"https:\/\/notariacastanolopez.com\/wp-content\/uploads\/2020\/09\/quienes3.jpg\" alt class=\"img-responsive wp-image-1367 lazyload\" data-srcset=\"https:\/\/notariacastanolopez.com\/wp-content\/uploads\/2020\/09\/quienes3-200x300.jpg 200w, https:\/\/notariacastanolopez.com\/wp-content\/uploads\/2020\/09\/quienes3-400x599.jpg 400w, https:\/\/notariacastanolopez.com\/wp-content\/uploads\/2020\/09\/quienes3-600x899.jpg 600w, https:\/\/notariacastanolopez.com\/wp-content\/uploads\/2020\/09\/quienes3.jpg 772w\" data-sizes=\"(max-width: 850px) 100vw, 400px\" src=\"data:image\/svg+xml;base64,PHN2ZyB3aWR0aD0iMSIgaGVpZ2h0PSIxIiB4bWxucz0iaHR0cDovL3d3dy53My5vcmcvMjAwMC9zdmciPjwvc3ZnPg==\" style=\"--smush-placeholder-width: 772px; --smush-placeholder-aspect-ratio: 772\/1157;\" \/><\/span><\/div><div class=\"fusion-clearfix\"><\/div><\/div><\/div><div class=\"fusion-layout-column fusion_builder_column_inner fusion-builder-nested-column-3 fusion_builder_column_inner_2_3 2_3 fusion-two-third fusion-column-last\" style=\"--awb-bg-size:cover;width:66.666666666667%;width:calc(66.666666666667% - ( ( 4% ) * 0.66666666666667 ) );\"><div class=\"fusion-column-wrapper fusion-column-has-shadow fusion-flex-column-wrapper-legacy\"><div class=\"fusion-text fusion-text-3\"><p><strong>Nicole Sforza. <\/strong>Auxiliar<\/p>\n<div class=\"sc_team_item_content\">\n<p>Law graduate<\/p>\n<p>Email: vandellos@notariacastanolopez.com<\/p>\n<\/div>\n<\/div><div class=\"fusion-clearfix\"><\/div><\/div><\/div><\/div><div class=\"fusion-clearfix\"><\/div><\/div><\/div><\/div><\/div><div class=\"fusion-fullwidth fullwidth-box fusion-builder-row-4 hundred-percent-fullwidth non-hundred-percent-height-scrolling fusion-equal-height-columns\" style=\"--awb-border-radius-top-left:0px;--awb-border-radius-top-right:0px;--awb-border-radius-bottom-right:0px;--awb-border-radius-bottom-left:0px;--awb-padding-top:0px;--awb-padding-right:0px;--awb-padding-bottom:0px;--awb-padding-left:0px;--awb-background-color:#102947;--awb-flex-wrap:wrap;\" ><div class=\"fusion-builder-row fusion-row\"><div class=\"fusion-layout-column fusion_builder_column fusion-builder-column-5 fusion_builder_column_2_3 2_3 fusion-two-third fusion-column-first\" style=\"--awb-bg-image:url(&#039;https:\/\/notariacastanolopez.com\/wp-content\/uploads\/2020\/09\/30.-4R-Meridia\u0300-Mar-Aerial-View-scaled.jpg&#039;);--awb-bg-position:center center;--awb-bg-size:cover;--awb-margin-bottom:0px;width:66.666666666667%;width:calc(66.666666666667% - ( ( 0px ) * 0.66666666666667 ) );margin-right: 0px;\"><div class=\"fusion-column-wrapper fusion-column-has-shadow fusion-flex-column-wrapper-legacy fusion-empty-column-bg-image fusion-column-has-bg-image\" data-bg-url=\"https:\/\/notariacastanolopez.com\/wp-content\/uploads\/2020\/09\/30.-4R-Meridia\u0300-Mar-Aerial-View-scaled.jpg\"><img decoding=\"async\" class=\"fusion-empty-dims-img-placeholder fusion-no-large-visibility\" aria-label=\"30.-4R-Meridia\u0300-Mar-Aerial-View\" src=\"data:image\/svg+xml,%3Csvg%20xmlns%3D%27http%3A%2F%2Fwww.w3.org%2F2000%2Fsvg%27%20width%3D%272560%27%20height%3D%271707%27%20viewBox%3D%270%200%202560%201707%27%3E%3Crect%20width%3D%272560%27%20height%3D%271707%27%20fill-opacity%3D%220%22%2F%3E%3C%2Fsvg%3E\"><div class=\"fusion-clearfix\"><\/div><\/div><\/div><div class=\"fusion-layout-column fusion_builder_column fusion-builder-column-6 fusion_builder_column_1_3 1_3 fusion-one-third fusion-column-last\" style=\"--awb-padding-top:90px;--awb-padding-right:80px;--awb-padding-bottom:90px;--awb-padding-left:40px;--awb-bg-size:cover;--awb-margin-bottom:0px;width:33.333333333333%;width:calc(33.333333333333% - ( ( 0px ) * 0.33333333333333 ) );\"><div class=\"fusion-column-wrapper fusion-column-has-shadow fusion-flex-column-wrapper-legacy\"><div class=\"fusion-text fusion-text-4\"><h2><span style=\"color: #ffffff;\">We are at your disposal<\/span><\/h2>\n<p><span style=\"color: #ffffff;\">You can request an appointment through the web, seeing all the free hours and choosing the one that best suits you.<\/span><\/p>\n<\/div><div class=\"fusion-button-wrapper\"><a class=\"fusion-button button-flat fusion-button-default-size button-default fusion-button-default button-1 fusion-button-default-span fusion-button-default-type\" target=\"_self\" href=\"https:\/\/notariacastanolopez.com\/cat\/cita-previa\/\"><span class=\"fusion-button-text awb-button__text awb-button__text--default\">REQUEST AN APPOINTMENT<\/span><\/a><\/div><div class=\"fusion-clearfix\"><\/div><\/div><\/div><\/div><\/div><\/p>","protected":false},"excerpt":{"rendered":"","protected":false},"author":1,"featured_media":0,"parent":0,"menu_order":0,"comment_status":"open","ping_status":"closed","template":"100-width.php","meta":{"_monsterinsights_skip_tracking":false,"_monsterinsights_sitenote_active":false,"_monsterinsights_sitenote_note":"","_monsterinsights_sitenote_category":0,"footnotes":""},"class_list":["post-1988","page","type-page","status-publish","hentry"],"yoast_head":"<!-- This site is optimized with the Yoast SEO plugin v27.2 - https:\/\/yoast.com\/product\/yoast-seo-wordpress\/ -->\n<title>Who We Are - Notar\u00eda Garc\u00eda Casta\u00f1o - L&#039;Hospitalet de Llobregat<\/title>\n<meta name=\"robots\" content=\"index, follow, max-snippet:-1, max-image-preview:large, max-video-preview:-1\" \/>\n<link rel=\"canonical\" href=\"https:\/\/notariacastanolopez.com\/cat\/quienes-somos\/?lang=en\" \/>\n<meta property=\"og:locale\" content=\"ca_ES\" \/>\n<meta property=\"og:type\" content=\"article\" \/>\n<meta property=\"og:title\" content=\"Who We Are - Notar\u00eda Garc\u00eda Casta\u00f1o - L&#039;Hospitalet de Llobregat\" \/>\n<meta property=\"og:url\" content=\"https:\/\/notariacastanolopez.com\/cat\/quienes-somos\/?lang=en\" \/>\n<meta property=\"og:site_name\" content=\"Notar\u00eda Garc\u00eda Casta\u00f1o - L&#039;Hospitalet de Llobregat\" \/>\n<meta property=\"article:modified_time\" content=\"2020-11-02T10:29:48+00:00\" \/>\n<meta name=\"twitter:card\" content=\"summary_large_image\" \/>\n<meta name=\"twitter:label1\" content=\"Temps estimat de lectura\" \/>\n\t<meta name=\"twitter:data1\" content=\"16 minuts\" \/>\n<script type=\"application\/ld+json\" class=\"yoast-schema-graph\">{\"@context\":\"https:\/\/schema.org\",\"@graph\":[{\"@type\":\"WebPage\",\"@id\":\"https:\/\/notariacastanolopez.com\/quienes-somos\/?lang=en\",\"url\":\"https:\/\/notariacastanolopez.com\/quienes-somos\/?lang=en\",\"name\":\"Who We Are - Notar\u00eda Garc\u00eda Casta\u00f1o - L&#039;Hospitalet de Llobregat\",\"isPartOf\":{\"@id\":\"https:\/\/notariacastanolopez.com\/#website\"},\"datePublished\":\"2020-11-02T10:29:03+00:00\",\"dateModified\":\"2020-11-02T10:29:48+00:00\",\"breadcrumb\":{\"@id\":\"https:\/\/notariacastanolopez.com\/quienes-somos\/?lang=en#breadcrumb\"},\"inLanguage\":\"ca\",\"potentialAction\":[{\"@type\":\"ReadAction\",\"target\":[\"https:\/\/notariacastanolopez.com\/quienes-somos\/?lang=en\"]}]},{\"@type\":\"BreadcrumbList\",\"@id\":\"https:\/\/notariacastanolopez.com\/quienes-somos\/?lang=en#breadcrumb\",\"itemListElement\":[{\"@type\":\"ListItem\",\"position\":1,\"name\":\"Portada\",\"item\":\"https:\/\/notariacastanolopez.com\/\"},{\"@type\":\"ListItem\",\"position\":2,\"name\":\"Who We Are\"}]},{\"@type\":\"WebSite\",\"@id\":\"https:\/\/notariacastanolopez.com\/#website\",\"url\":\"https:\/\/notariacastanolopez.com\/\",\"name\":\"Notar\u00eda Garc\u00eda Casta\u00f1o - L&#039;Hospitalet de Llobregat\",\"description\":\"Notarios de L&#039;Hospitalet de Llobregat\",\"publisher\":{\"@id\":\"https:\/\/notariacastanolopez.com\/#organization\"},\"potentialAction\":[{\"@type\":\"SearchAction\",\"target\":{\"@type\":\"EntryPoint\",\"urlTemplate\":\"https:\/\/notariacastanolopez.com\/?s={search_term_string}\"},\"query-input\":{\"@type\":\"PropertyValueSpecification\",\"valueRequired\":true,\"valueName\":\"search_term_string\"}}],\"inLanguage\":\"ca\"},{\"@type\":\"Organization\",\"@id\":\"https:\/\/notariacastanolopez.com\/#organization\",\"name\":\"Notaria Casta\u00f1o L\u00f3pez | l'Hospitalet de l'Infant (Vandell\u00f2s)\",\"url\":\"https:\/\/notariacastanolopez.com\/\",\"logo\":{\"@type\":\"ImageObject\",\"inLanguage\":\"ca\",\"@id\":\"https:\/\/notariacastanolopez.com\/#\/schema\/logo\/image\/\",\"url\":\"https:\/\/notariacastanolopez.com\/wp-content\/uploads\/2020\/09\/jose-castan\u0303o-lopez-01-2.png\",\"contentUrl\":\"https:\/\/notariacastanolopez.com\/wp-content\/uploads\/2020\/09\/jose-castan\u0303o-lopez-01-2.png\",\"width\":450,\"height\":100,\"caption\":\"Notaria Casta\u00f1o L\u00f3pez | l'Hospitalet de l'Infant (Vandell\u00f2s)\"},\"image\":{\"@id\":\"https:\/\/notariacastanolopez.com\/#\/schema\/logo\/image\/\"}}]}<\/script>\n<!-- \/ Yoast SEO plugin. -->","yoast_head_json":{"title":"Who We Are - Notar\u00eda Garc\u00eda Casta\u00f1o - L&#039;Hospitalet de Llobregat","robots":{"index":"index","follow":"follow","max-snippet":"max-snippet:-1","max-image-preview":"max-image-preview:large","max-video-preview":"max-video-preview:-1"},"canonical":"https:\/\/notariacastanolopez.com\/cat\/quienes-somos\/?lang=en","og_locale":"ca_ES","og_type":"article","og_title":"Who We Are - Notar\u00eda Garc\u00eda Casta\u00f1o - L&#039;Hospitalet de Llobregat","og_url":"https:\/\/notariacastanolopez.com\/cat\/quienes-somos\/?lang=en","og_site_name":"Notar\u00eda Garc\u00eda Casta\u00f1o - L&#039;Hospitalet de Llobregat","article_modified_time":"2020-11-02T10:29:48+00:00","twitter_card":"summary_large_image","twitter_misc":{"Temps estimat de lectura":"16 minuts"},"schema":{"@context":"https:\/\/schema.org","@graph":[{"@type":"WebPage","@id":"https:\/\/notariacastanolopez.com\/quienes-somos\/?lang=en","url":"https:\/\/notariacastanolopez.com\/quienes-somos\/?lang=en","name":"Who We Are - Notar\u00eda Garc\u00eda Casta\u00f1o - L&#039;Hospitalet de Llobregat","isPartOf":{"@id":"https:\/\/notariacastanolopez.com\/#website"},"datePublished":"2020-11-02T10:29:03+00:00","dateModified":"2020-11-02T10:29:48+00:00","breadcrumb":{"@id":"https:\/\/notariacastanolopez.com\/quienes-somos\/?lang=en#breadcrumb"},"inLanguage":"ca","potentialAction":[{"@type":"ReadAction","target":["https:\/\/notariacastanolopez.com\/quienes-somos\/?lang=en"]}]},{"@type":"BreadcrumbList","@id":"https:\/\/notariacastanolopez.com\/quienes-somos\/?lang=en#breadcrumb","itemListElement":[{"@type":"ListItem","position":1,"name":"Portada","item":"https:\/\/notariacastanolopez.com\/"},{"@type":"ListItem","position":2,"name":"Who We Are"}]},{"@type":"WebSite","@id":"https:\/\/notariacastanolopez.com\/#website","url":"https:\/\/notariacastanolopez.com\/","name":"Notar\u00eda Garc\u00eda Casta\u00f1o - L&#039;Hospitalet de Llobregat","description":"Notarios de L&#039;Hospitalet de Llobregat","publisher":{"@id":"https:\/\/notariacastanolopez.com\/#organization"},"potentialAction":[{"@type":"SearchAction","target":{"@type":"EntryPoint","urlTemplate":"https:\/\/notariacastanolopez.com\/?s={search_term_string}"},"query-input":{"@type":"PropertyValueSpecification","valueRequired":true,"valueName":"search_term_string"}}],"inLanguage":"ca"},{"@type":"Organization","@id":"https:\/\/notariacastanolopez.com\/#organization","name":"Notaria Casta\u00f1o L\u00f3pez | l'Hospitalet de l'Infant (Vandell\u00f2s)","url":"https:\/\/notariacastanolopez.com\/","logo":{"@type":"ImageObject","inLanguage":"ca","@id":"https:\/\/notariacastanolopez.com\/#\/schema\/logo\/image\/","url":"https:\/\/notariacastanolopez.com\/wp-content\/uploads\/2020\/09\/jose-castan\u0303o-lopez-01-2.png","contentUrl":"https:\/\/notariacastanolopez.com\/wp-content\/uploads\/2020\/09\/jose-castan\u0303o-lopez-01-2.png","width":450,"height":100,"caption":"Notaria Casta\u00f1o L\u00f3pez | l'Hospitalet de l'Infant (Vandell\u00f2s)"},"image":{"@id":"https:\/\/notariacastanolopez.com\/#\/schema\/logo\/image\/"}}]}},"_links":{"self":[{"href":"https:\/\/notariacastanolopez.com\/cat\/wp-json\/wp\/v2\/pages\/1988","targetHints":{"allow":["GET"]}}],"collection":[{"href":"https:\/\/notariacastanolopez.com\/cat\/wp-json\/wp\/v2\/pages"}],"about":[{"href":"https:\/\/notariacastanolopez.com\/cat\/wp-json\/wp\/v2\/types\/page"}],"author":[{"embeddable":true,"href":"https:\/\/notariacastanolopez.com\/cat\/wp-json\/wp\/v2\/users\/1"}],"replies":[{"embeddable":true,"href":"https:\/\/notariacastanolopez.com\/cat\/wp-json\/wp\/v2\/comments?post=1988"}],"version-history":[{"count":3,"href":"https:\/\/notariacastanolopez.com\/cat\/wp-json\/wp\/v2\/pages\/1988\/revisions"}],"predecessor-version":[{"id":1991,"href":"https:\/\/notariacastanolopez.com\/cat\/wp-json\/wp\/v2\/pages\/1988\/revisions\/1991"}],"wp:attachment":[{"href":"https:\/\/notariacastanolopez.com\/cat\/wp-json\/wp\/v2\/media?parent=1988"}],"curies":[{"name":"wp","href":"https:\/\/api.w.org\/{rel}","templated":true}]}}